{"id":989756,"date":"2025-12-11T14:50:11","date_gmt":"2025-12-11T14:50:11","guid":{"rendered":"https:\/\/metrologia.sk\/?page_id=989756"},"modified":"2026-01-07T16:20:36","modified_gmt":"2026-01-07T16:20:36","slug":"imprint","status":"publish","type":"page","link":"https:\/\/metrologia.sk\/en\/imprint\/","title":{"rendered":"Imprint"},"content":{"rendered":"\t\t<div data-elementor-type=\"wp-page\" data-elementor-id=\"989756\" class=\"elementor elementor-989756\" data-elementor-post-type=\"page\">\n\t\t\t\t<div class=\"elementor-element elementor-element-c1e8912 e-flex e-con-boxed e-con e-parent\" data-id=\"c1e8912\" data-element_type=\"container\" data-e-type=\"container\">\n\t\t\t\t\t<div class=\"e-con-inner\">\n\t\t\t\t<div class=\"elementor-element elementor-element-0e83a46 elementor-widget elementor-widget-heading\" data-id=\"0e83a46\" data-element_type=\"widget\" data-e-type=\"widget\" data-widget_type=\"heading.default\">\n\t\t\t\t<div class=\"elementor-widget-container\">\n\t\t\t\t\t<h1 class=\"elementor-heading-title elementor-size-default\">Imprint<\/h1>\t\t\t\t<\/div>\n\t\t\t\t<\/div>\n\t\t\t\t<div class=\"elementor-element elementor-element-3708bdb elementor-widget elementor-widget-heading\" data-id=\"3708bdb\" data-element_type=\"widget\" data-e-type=\"widget\" data-widget_type=\"heading.default\">\n\t\t\t\t<div class=\"elementor-widget-container\">\n\t\t\t\t\t<h2 class=\"elementor-heading-title elementor-size-default\">Legal Form:\n<\/h2>\t\t\t\t<\/div>\n\t\t\t\t<\/div>\n\t\t\t\t<div class=\"elementor-element elementor-element-3cf1777 elementor-invisible animated-fast elementor-widget elementor-widget-text-editor\" data-id=\"3cf1777\" data-element_type=\"widget\" data-e-type=\"widget\" data-settings=\"{&quot;_animation&quot;:&quot;fadeIn&quot;}\" data-widget_type=\"text-editor.default\">\n\t\t\t\t<div class=\"elementor-widget-container\">\n\t\t\t\t\t\t\t\t\t<section id=\"imprint\"><p>Limited liability company (s.r.o.) under Slovak law<\/p><\/section>\t\t\t\t\t\t\t\t<\/div>\n\t\t\t\t<\/div>\n\t\t\t\t<div class=\"elementor-element elementor-element-b61edf4 elementor-widget elementor-widget-heading\" data-id=\"b61edf4\" data-element_type=\"widget\" data-e-type=\"widget\" data-widget_type=\"heading.default\">\n\t\t\t\t<div class=\"elementor-widget-container\">\n\t\t\t\t\t<h2 class=\"elementor-heading-title elementor-size-default\">Registered Address:\n<\/h2>\t\t\t\t<\/div>\n\t\t\t\t<\/div>\n\t\t\t\t<div class=\"elementor-element elementor-element-7b6a908 elementor-invisible animated-fast elementor-widget elementor-widget-text-editor\" data-id=\"7b6a908\" data-element_type=\"widget\" data-e-type=\"widget\" data-settings=\"{&quot;_animation&quot;:&quot;fadeIn&quot;}\" data-widget_type=\"text-editor.default\">\n\t\t\t\t<div class=\"elementor-widget-container\">\n\t\t\t\t\t\t\t\t\t<section id=\"imprint\"><p>N\u00e1m. Dr. A. Schweitzera 194<br \/>916 01 Star\u00e1 Tur\u00e1<br \/>Slovak Republic<\/p><\/section>\t\t\t\t\t\t\t\t<\/div>\n\t\t\t\t<\/div>\n\t\t\t\t<div class=\"elementor-element elementor-element-f52363b elementor-widget elementor-widget-heading\" data-id=\"f52363b\" data-element_type=\"widget\" data-e-type=\"widget\" data-widget_type=\"heading.default\">\n\t\t\t\t<div class=\"elementor-widget-container\">\n\t\t\t\t\t<h2 class=\"elementor-heading-title elementor-size-default\">Contact Information:\n<\/h2>\t\t\t\t<\/div>\n\t\t\t\t<\/div>\n\t\t\t\t<div class=\"elementor-element elementor-element-483808e elementor-invisible animated-fast elementor-widget elementor-widget-text-editor\" data-id=\"483808e\" data-element_type=\"widget\" data-e-type=\"widget\" data-settings=\"{&quot;_animation&quot;:&quot;fadeIn&quot;}\" data-widget_type=\"text-editor.default\">\n\t\t\t\t<div class=\"elementor-widget-container\">\n\t\t\t\t\t\t\t\t\t<section id=\"imprint\"><p>\ud83d\udcde Phone: +421 696 850 405<br \/>\ud83d\udce7 Email: info@metrologia.sk<br \/>\ud83c\udf10 Web: <a href=\"https:\/\/metrologia.sk\" target=\"_blank\" rel=\"noopener\">www.metrologia.sk<\/a><\/p><\/section>\t\t\t\t\t\t\t\t<\/div>\n\t\t\t\t<\/div>\n\t\t\t\t<div class=\"elementor-element elementor-element-777f426 elementor-widget elementor-widget-heading\" data-id=\"777f426\" data-element_type=\"widget\" data-e-type=\"widget\" data-widget_type=\"heading.default\">\n\t\t\t\t<div class=\"elementor-widget-container\">\n\t\t\t\t\t<h2 class=\"elementor-heading-title elementor-size-default\">Company Registration Details:\n<\/h2>\t\t\t\t<\/div>\n\t\t\t\t<\/div>\n\t\t\t\t<div class=\"elementor-element elementor-element-ac57aa9 elementor-invisible animated-fast elementor-widget elementor-widget-text-editor\" data-id=\"ac57aa9\" data-element_type=\"widget\" data-e-type=\"widget\" data-settings=\"{&quot;_animation&quot;:&quot;fadeIn&quot;}\" data-widget_type=\"text-editor.default\">\n\t\t\t\t<div class=\"elementor-widget-container\">\n\t\t\t\t\t\t\t\t\t<section id=\"imprint\"><p>Company ID (I\u010cO): 36 331 864<br \/>VAT ID (I\u010c DPH): SK2021766109<br \/>Tax ID (DI\u010c): 2021766109<br \/>Registered with the Commercial Register of the District Court Tren\u010d\u00edn,<br \/>Section: Sro, Insert No.: 14226\/R<\/p><\/section>\t\t\t\t\t\t\t\t<\/div>\n\t\t\t\t<\/div>\n\t\t\t\t<div class=\"elementor-element elementor-element-1199273 elementor-widget elementor-widget-heading\" data-id=\"1199273\" data-element_type=\"widget\" data-e-type=\"widget\" data-widget_type=\"heading.default\">\n\t\t\t\t<div class=\"elementor-widget-container\">\n\t\t\t\t\t<h2 class=\"elementor-heading-title elementor-size-default\">Bank Details:<\/h2>\t\t\t\t<\/div>\n\t\t\t\t<\/div>\n\t\t\t\t<div class=\"elementor-element elementor-element-c996c1d elementor-invisible animated-fast elementor-widget elementor-widget-text-editor\" data-id=\"c996c1d\" data-element_type=\"widget\" data-e-type=\"widget\" data-settings=\"{&quot;_animation&quot;:&quot;fadeIn&quot;}\" data-widget_type=\"text-editor.default\">\n\t\t\t\t<div class=\"elementor-widget-container\">\n\t\t\t\t\t\t\t\t\t<section id=\"imprint\"><p>Slovensk\u00e1 sporite\u013e\u0148a, a. s.<br \/>IBAN: SK19 0900 0000 0052 3156 3129<\/p><\/section>\t\t\t\t\t\t\t\t<\/div>\n\t\t\t\t<\/div>\n\t\t\t\t<div class=\"elementor-element elementor-element-3300284 elementor-widget elementor-widget-heading\" data-id=\"3300284\" data-element_type=\"widget\" data-e-type=\"widget\" data-widget_type=\"heading.default\">\n\t\t\t\t<div class=\"elementor-widget-container\">\n\t\t\t\t\t<h2 class=\"elementor-heading-title elementor-size-default\">Managing Director:<\/h2>\t\t\t\t<\/div>\n\t\t\t\t<\/div>\n\t\t\t\t<div class=\"elementor-element elementor-element-4339df2 elementor-invisible animated-fast elementor-widget elementor-widget-text-editor\" data-id=\"4339df2\" data-element_type=\"widget\" data-e-type=\"widget\" data-settings=\"{&quot;_animation&quot;:&quot;fadeIn&quot;}\" data-widget_type=\"text-editor.default\">\n\t\t\t\t<div class=\"elementor-widget-container\">\n\t\t\t\t\t\t\t\t\t<section id=\"imprint\"><p>Milo\u0161 Potfaj &amp; Marcello Nicoloso<\/p><\/section>\t\t\t\t\t\t\t\t<\/div>\n\t\t\t\t<\/div>\n\t\t\t\t<div class=\"elementor-element elementor-element-986da91 elementor-widget elementor-widget-heading\" data-id=\"986da91\" data-element_type=\"widget\" data-e-type=\"widget\" data-widget_type=\"heading.default\">\n\t\t\t\t<div class=\"elementor-widget-container\">\n\t\t\t\t\t<h2 class=\"elementor-heading-title elementor-size-default\">Accreditations &amp; Licenses:<\/h2>\t\t\t\t<\/div>\n\t\t\t\t<\/div>\n\t\t\t\t<div class=\"elementor-element elementor-element-cd6d440 elementor-invisible animated-fast elementor-widget elementor-widget-text-editor\" data-id=\"cd6d440\" data-element_type=\"widget\" data-e-type=\"widget\" data-settings=\"{&quot;_animation&quot;:&quot;fadeIn&quot;}\" data-widget_type=\"text-editor.default\">\n\t\t\t\t<div class=\"elementor-widget-container\">\n\t\t\t\t\t\t\t\t\t<section><ul><li>Accredited Calibration and Testing Laboratory by SNAS (Slovak National Accreditation Service)<\/li><li>Accredited according to ISO\/IEC 17025:2017<\/li><li>Accredited scope includes: length, pressure, electrical quantities, temperature &amp; humidity, flow,\u00a0<span style=\"font-family: 'Work Sans', sans-serif; font-size: 16px; font-style: normal; font-variant-ligatures: normal; font-variant-caps: normal; font-weight: 400;\">force<\/span>\u00a0calibration<\/li><li>Participant in national and international interlaboratory comparison programs<\/li><\/ul><\/section>\t\t\t\t\t\t\t\t<\/div>\n\t\t\t\t<\/div>\n\t\t\t\t<div class=\"elementor-element elementor-element-f7b698b elementor-widget elementor-widget-heading\" data-id=\"f7b698b\" data-element_type=\"widget\" data-e-type=\"widget\" data-widget_type=\"heading.default\">\n\t\t\t\t<div class=\"elementor-widget-container\">\n\t\t\t\t\t<h2 class=\"elementor-heading-title elementor-size-default\">Supervisory Authorities:<\/h2>\t\t\t\t<\/div>\n\t\t\t\t<\/div>\n\t\t\t\t<div class=\"elementor-element elementor-element-05644b7 elementor-invisible animated-fast elementor-widget elementor-widget-text-editor\" data-id=\"05644b7\" data-element_type=\"widget\" data-e-type=\"widget\" data-settings=\"{&quot;_animation&quot;:&quot;fadeIn&quot;}\" data-widget_type=\"text-editor.default\">\n\t\t\t\t<div class=\"elementor-widget-container\">\n\t\t\t\t\t\t\t\t\t<section id=\"imprint\"><ul><li>Slovak National Accreditation Service (SNAS)<\/li><li>Slovak Office of Standards, Metrology and Testing (\u00daNMS SR)<\/li><\/ul><\/section>\t\t\t\t\t\t\t\t<\/div>\n\t\t\t\t<\/div>\n\t\t\t\t<div class=\"elementor-element elementor-element-a5fefbe elementor-widget elementor-widget-heading\" data-id=\"a5fefbe\" data-element_type=\"widget\" data-e-type=\"widget\" data-widget_type=\"heading.default\">\n\t\t\t\t<div class=\"elementor-widget-container\">\n\t\t\t\t\t<h2 class=\"elementor-heading-title elementor-size-default\">Legal Disclaimer:\n<\/h2>\t\t\t\t<\/div>\n\t\t\t\t<\/div>\n\t\t\t\t<div class=\"elementor-element elementor-element-f8e7f79 elementor-invisible animated-fast elementor-widget elementor-widget-text-editor\" data-id=\"f8e7f79\" data-element_type=\"widget\" data-e-type=\"widget\" data-settings=\"{&quot;_animation&quot;:&quot;fadeIn&quot;}\" data-widget_type=\"text-editor.default\">\n\t\t\t\t<div class=\"elementor-widget-container\">\n\t\t\t\t\t\t\t\t\t<section id=\"imprint\">CHIRANALAB, s.r.o. continuously updates the information on this website.<br \/>Despite careful verification, we cannot guarantee the accuracy, completeness, or timeliness of all content. All rights reserved. Any use, reproduction, or distribution of website content requires prior written permission from CHIRANALAB, s.r.o.<\/section>\t\t\t\t\t\t\t\t<\/div>\n\t\t\t\t<\/div>\n\t\t\t\t\t<\/div>\n\t\t\t\t<\/div>\n\t\t\t\t<\/div>\n\t\t","protected":false},"excerpt":{"rendered":"<p>Imprint Legal Form: Limited liability company (s.r.o.) under Slovak law Registered Address: N\u00e1m. Dr. A. Schweitzera 194916 01 Star\u00e1 Tur\u00e1Slovak Republic Contact Information: \ud83d\udcde Phone: +421 696 850 405\ud83d\udce7 Email: info@metrologia.sk\ud83c\udf10 Web: www.metrologia.sk Company Registration Details: Company ID (I\u010cO): 36 331 864VAT ID (I\u010c DPH): SK2021766109Tax ID (DI\u010c): 2021766109Registered with the Commercial Register of the&#8230;<\/p>\n","protected":false},"author":1,"featured_media":987930,"parent":0,"menu_order":0,"comment_status":"closed","ping_status":"closed","template":"","meta":{"_seowing_meta_title":"Imprint | CHIRANALAB, s.r.o.","_seowing_meta_description":"Legal notice of CHIRANALAB, s.r.o. \u2013 limited liability company under Slovak law. N\u00e1m. Dr. A. Schweitzera 194, 916 01 Star\u00e1 Tur\u00e1. I\u010cO: 36 331 864.","_seowing_focus_keyword":"imprint legal notice chiranalab","_seowing_canonical_url":"","_seowing_robots":"","_seowing_robots_noindex":false,"_seowing_robots_nofollow":false,"_seowing_seo_score":53,"_expert_id":0,"footnotes":""},"class_list":["post-989756","page","type-page","status-publish","has-post-thumbnail","hentry"],"_hostinger_reach_plugin_has_subscription_block":false,"_hostinger_reach_plugin_is_elementor":false,"_links":{"self":[{"href":"https:\/\/metrologia.sk\/en\/wp-json\/wp\/v2\/pages\/989756","targetHints":{"allow":["GET"]}}],"collection":[{"href":"https:\/\/metrologia.sk\/en\/wp-json\/wp\/v2\/pages"}],"about":[{"href":"https:\/\/metrologia.sk\/en\/wp-json\/wp\/v2\/types\/page"}],"author":[{"embeddable":true,"href":"https:\/\/metrologia.sk\/en\/wp-json\/wp\/v2\/users\/1"}],"replies":[{"embeddable":true,"href":"https:\/\/metrologia.sk\/en\/wp-json\/wp\/v2\/comments?post=989756"}],"version-history":[{"count":19,"href":"https:\/\/metrologia.sk\/en\/wp-json\/wp\/v2\/pages\/989756\/revisions"}],"predecessor-version":[{"id":990136,"href":"https:\/\/metrologia.sk\/en\/wp-json\/wp\/v2\/pages\/989756\/revisions\/990136"}],"wp:featuredmedia":[{"embeddable":true,"href":"https:\/\/metrologia.sk\/en\/wp-json\/wp\/v2\/media\/987930"}],"wp:attachment":[{"href":"https:\/\/metrologia.sk\/en\/wp-json\/wp\/v2\/media?parent=989756"}],"curies":[{"name":"wp","href":"https:\/\/api.w.org\/{rel}","templated":true}]}}