{"id":989864,"date":"2025-02-19T13:37:15","date_gmt":"2025-02-19T13:37:15","guid":{"rendered":"https:\/\/metrologia.sk\/datenschutzbestimmungen\/"},"modified":"2025-12-11T15:11:08","modified_gmt":"2025-12-11T15:11:08","slug":"datenschutzbestimmungen","status":"publish","type":"page","link":"https:\/\/metrologia.sk\/de\/datenschutzbestimmungen\/","title":{"rendered":"Datenschutzbestimmungen"},"content":{"rendered":"\t\t<div data-elementor-type=\"wp-page\" data-elementor-id=\"989864\" class=\"elementor elementor-989864 elementor-1092\" data-elementor-post-type=\"page\">\n\t\t\t\t<div class=\"elementor-element elementor-element-c1e8912 e-flex e-con-boxed e-con e-parent\" data-id=\"c1e8912\" data-element_type=\"container\" data-e-type=\"container\">\n\t\t\t\t\t<div class=\"e-con-inner\">\n\t\t\t\t<div class=\"elementor-element elementor-element-0e83a46 elementor-widget elementor-widget-heading\" data-id=\"0e83a46\" data-element_type=\"widget\" data-e-type=\"widget\" data-widget_type=\"heading.default\">\n\t\t\t\t<div class=\"elementor-widget-container\">\n\t\t\t\t\t<h1 class=\"elementor-heading-title elementor-size-default\">Datenschutzbestimmungen<\/h1>\t\t\t\t<\/div>\n\t\t\t\t<\/div>\n\t\t\t\t<div class=\"elementor-element elementor-element-eb7bd66 elementor-widget elementor-widget-text-editor\" data-id=\"eb7bd66\" data-element_type=\"widget\" data-e-type=\"widget\" data-widget_type=\"text-editor.default\">\n\t\t\t\t<div class=\"elementor-widget-container\">\n\t\t\t\t\t\t\t\t\t<p><strong>Letzte Aktualisierung:<\/strong> November 2025<\/p>\t\t\t\t\t\t\t\t<\/div>\n\t\t\t\t<\/div>\n\t\t\t\t<div class=\"elementor-element elementor-element-19b6271 elementor-widget elementor-widget-heading\" data-id=\"19b6271\" data-element_type=\"widget\" data-e-type=\"widget\" data-widget_type=\"heading.default\">\n\t\t\t\t<div class=\"elementor-widget-container\">\n\t\t\t\t\t<h2 class=\"elementor-heading-title elementor-size-default\">1) Wer wir sind (Datenverantwortlicher)<\/h2>\t\t\t\t<\/div>\n\t\t\t\t<\/div>\n\t\t\t\t<div class=\"elementor-element elementor-element-7fee048 elementor-widget elementor-widget-text-editor\" data-id=\"7fee048\" data-element_type=\"widget\" data-e-type=\"widget\" data-widget_type=\"text-editor.default\">\n\t\t\t\t<div class=\"elementor-widget-container\">\n\t\t\t\t\t\t\t\t\t<p>Der Datenverantwortliche der Website <a href=\"https:\/\/metrologia.sk\/\">https:\/\/metrologia.sk\/<\/a> ist:<\/p><p><strong>CHIRANALAB, s.r.o.<\/strong><br>N\u00e1m. Dr. A. Schweitzera 194, 916 01 Star\u00e1 Tur\u00e1<br>Firmen-ID: 36 331 864<br>Telefon: +421 696 850 405<br>E-Mail: <a href=\"mailto:info@metrologia.sk\">info@metrologia.sk<\/a> <\/p><p>CHIRANALAB, s.r.o. verarbeitet personenbezogene Daten in \u00dcbereinstimmung mit der <strong>Verordnung (EU) 2016\/679 (DSGVO) und dem slowakischen Gesetz Nr. 18\/2018 Slg. \u00fcber den Schutz personenbezogener Daten.<\/strong><\/p>\t\t\t\t\t\t\t\t<\/div>\n\t\t\t\t<\/div>\n\t\t\t\t<div class=\"elementor-element elementor-element-7a1f4e8 elementor-invisible animated-fast elementor-widget elementor-widget-text-editor\" data-id=\"7a1f4e8\" data-element_type=\"widget\" data-e-type=\"widget\" data-settings=\"{&quot;_animation&quot;:&quot;fadeIn&quot;}\" data-widget_type=\"text-editor.default\">\n\t\t\t\t<div class=\"elementor-widget-container\">\n\t\t\t\t\t\t\t\t\t<p data-start=\"0\" data-end=\"187\"><strong data-start=\"0\" data-end=\"19\">Rechnungsdetails<\/strong><br data-start=\"19\" data-end=\"22\">Firmen-ID: 36331864<br data-start=\"48\" data-end=\"51\">Steuer-ID: 2021766109<br data-start=\"75\" data-end=\"78\">USt-ID: SK2021766109<br data-start=\"107\" data-end=\"110\">Handelsregister des Bezirksgerichts Tren\u010d\u00edn, Abteilung: Sro, Einsatz-Nr. 14226\/R<\/p><p data-start=\"189\" data-end=\"279\" data-is-last-node=\"\" data-is-only-node=\"\"><strong data-start=\"189\" data-end=\"205\">Bankverbindung<\/strong><br data-start=\"205\" data-end=\"208\">Slovensk\u00e1 sporite\u013e\u0148a, a. s.<br data-start=\"241\" data-end=\"244\">IBAN: SK19 0900 0000 0052 3156 3129 <\/p>\t\t\t\t\t\t\t\t<\/div>\n\t\t\t\t<\/div>\n\t\t\t\t<div class=\"elementor-element elementor-element-3708bdb elementor-widget elementor-widget-heading\" data-id=\"3708bdb\" data-element_type=\"widget\" data-e-type=\"widget\" data-widget_type=\"heading.default\">\n\t\t\t\t<div class=\"elementor-widget-container\">\n\t\t\t\t\t<h2 class=\"elementor-heading-title elementor-size-default\">2) Welche personenbezogenen Daten wir verarbeiten\n<\/h2>\t\t\t\t<\/div>\n\t\t\t\t<\/div>\n\t\t\t\t<div class=\"elementor-element elementor-element-e10cf8e elementor-widget elementor-widget-text-editor\" data-id=\"e10cf8e\" data-element_type=\"widget\" data-e-type=\"widget\" data-widget_type=\"text-editor.default\">\n\t\t\t\t<div class=\"elementor-widget-container\">\n\t\t\t\t\t\t\t\t\t<p class=\"p1\">Abh\u00e4ngig davon, wie Sie unsere Website nutzen, k\u00f6nnen wir die folgenden Kategorien personenbezogener Daten verarbeiten:<\/p><ul class=\"ul1\"><li class=\"li1\"><b>Identifikations- und Kontaktdaten:<\/b> Name, Nachname, E-Mail, Telefonnummer, Firmenname, Berufsbezeichnung.<\/li><li class=\"li1\"><b>Kommunikationsdaten:<\/b> Nachrichten, Anfragen und Feedback, die Sie uns senden.<\/li><li class=\"li1\"><b>Technische Daten:<\/b> IP-Adresse, Browsertyp, Betriebssystem, Datum und Uhrzeit des Zugriffs und URL-Adresse.<\/li><li class=\"li1\"><b>Cookies und \u00e4hnliche Technologien:<\/b> siehe Abschnitt <i>\u201eCookies\u201c.<\/i><i><\/i><\/li><\/ul><p class=\"p1\">Wir erhalten Daten <b>direkt von Ihnen<\/b> (z. B. \u00fcber Kontaktformulare oder E-Mail) und <b>automatisch<\/b> durch Ihre Nutzung unserer Website.<\/p>\t\t\t\t\t\t\t\t<\/div>\n\t\t\t\t<\/div>\n\t\t\t\t<div class=\"elementor-element elementor-element-668b142 elementor-widget elementor-widget-heading\" data-id=\"668b142\" data-element_type=\"widget\" data-e-type=\"widget\" data-widget_type=\"heading.default\">\n\t\t\t\t<div class=\"elementor-widget-container\">\n\t\t\t\t\t<h2 class=\"elementor-heading-title elementor-size-default\">3) Zwecke und Rechtsgrundlagen f\u00fcr die Verarbeitung\n<\/h2>\t\t\t\t<\/div>\n\t\t\t\t<\/div>\n\t\t\t\t<div class=\"elementor-element elementor-element-cc9620a elementor-widget elementor-widget-text-editor\" data-id=\"cc9620a\" data-element_type=\"widget\" data-e-type=\"widget\" data-widget_type=\"text-editor.default\">\n\t\t\t\t<div class=\"elementor-widget-container\">\n\t\t\t\t\t\t\t\t\t<p class=\"p1\">Wir verarbeiten Ihre personenbezogenen Daten nur in dem Umfang, der erforderlich ist, und f\u00fcr die folgenden Zwecke:<\/p>\n\n<table class=\"t1\" cellspacing=\"0\" cellpadding=\"0\">\n<tbody>\n<tr>\n<td class=\"td1\" valign=\"middle\">\n<p class=\"p1\"><b>Zweck der Verarbeitung<\/b><b><\/b><\/p>\n<\/td>\n<td class=\"td2\" valign=\"middle\">\n<p class=\"p1\"><b>Rechtsgrundlage<\/b><b><\/b><\/p>\n<\/td>\n<td class=\"td3\" valign=\"middle\">\n<p class=\"p1\"><b>Beispiel<\/b><b><\/b><\/p>\n<\/td>\n<\/tr>\n<tr>\n<td class=\"td4\" valign=\"middle\">\n<p class=\"p1\">Beantwortung von Anfragen und Kommunikation<\/p>\n<\/td>\n<td class=\"td5\" valign=\"middle\">\n<p class=\"p1\">Berechtigtes Interesse (Art. 6 Abs. 1 lit. f) DSGVO) oder vorvertragliche Ma\u00dfnahmen (Art. 6 Abs. 1 lit. b) DSGVO)  <\/p>\n<\/td>\n<td class=\"td6\" valign=\"middle\">\n<p class=\"p1\">Absenden eines Kontaktformulars<\/p>\n<\/td>\n<\/tr>\n<tr>\n<td class=\"td7\" valign=\"middle\">\n<p class=\"p1\">Erbringung von Dienstleistungen und Erf\u00fcllung von Vertr\u00e4gen<\/p>\n<\/td>\n<td class=\"td8\" valign=\"middle\">\n<p class=\"p1\">Vertragserf\u00fcllung (Art. 6 Abs. 1 lit. b) DSGVO) <\/p>\n<\/td>\n<td class=\"td9\" valign=\"middle\">\n<p class=\"p1\">Kundendienst, Auftragserf\u00fcllung<\/p>\n<\/td>\n<\/tr>\n<tr>\n<td class=\"td10\" valign=\"middle\">\n<p class=\"p1\">Buchhaltungs- und Steuerpflichten<\/p>\n<\/td>\n<td class=\"td11\" valign=\"middle\">\n<p class=\"p1\">Rechtliche Verpflichtung (Art. 6 Abs. 1 lit. c) DSGVO) <\/p>\n<\/td>\n<td class=\"td12\" valign=\"middle\">\n<p class=\"p1\">Ausstellung von Rechnungen<\/p>\n<\/td>\n<\/tr>\n<tr>\n<td class=\"td10\" valign=\"middle\">\n<p class=\"p1\">Website-Betrieb und -Sicherheit<\/p>\n<\/td>\n<td class=\"td11\" valign=\"middle\">\n<p class=\"p1\">Berechtigtes Interesse (Art. 6 Abs. 1 lit. f) DSGVO) <\/p>\n<\/td>\n<td class=\"td12\" valign=\"middle\">\n<p class=\"p1\">Serverprotokolle, Sicherheits\u00fcberwachung<\/p>\n<\/td>\n<\/tr>\n<tr>\n<td class=\"td10\" valign=\"middle\">\n<p class=\"p1\">Marketing (Newsletter, Werbekampagnen)<\/p>\n<\/td>\n<td class=\"td11\" valign=\"middle\">\n<p class=\"p1\">Einwilligung (Art. 6 Abs. 1 lit. a) DSGVO) <\/p>\n<\/td>\n<td class=\"td12\" valign=\"middle\">\n<p class=\"p1\">Versenden von Newslettern<\/p>\n<\/td>\n<\/tr>\n<tr>\n<td class=\"td13\" valign=\"middle\">\n<p class=\"p1\">Analysen und Website-Statistiken<\/p>\n<\/td>\n<td class=\"td14\" valign=\"middle\">\n<p class=\"p1\">Einwilligung (f\u00fcr analytische Cookies)<\/p>\n<\/td>\n<td class=\"td15\" valign=\"middle\">\n<p class=\"p1\">Google Analytics<\/p>\n<\/td>\n<\/tr>\n<\/tbody>\n<\/table>\t\t\t\t\t\t\t\t<\/div>\n\t\t\t\t<\/div>\n\t\t\t\t<div class=\"elementor-element elementor-element-aeaff22 elementor-widget elementor-widget-heading\" data-id=\"aeaff22\" data-element_type=\"widget\" data-e-type=\"widget\" data-widget_type=\"heading.default\">\n\t\t\t\t<div class=\"elementor-widget-container\">\n\t\t\t\t\t<h2 class=\"elementor-heading-title elementor-size-default\">4) Aufbewahrungsdauer der Daten\n<\/h2>\t\t\t\t<\/div>\n\t\t\t\t<\/div>\n\t\t\t\t<div class=\"elementor-element elementor-element-e3047f5 elementor-widget elementor-widget-text-editor\" data-id=\"e3047f5\" data-element_type=\"widget\" data-e-type=\"widget\" data-widget_type=\"text-editor.default\">\n\t\t\t\t<div class=\"elementor-widget-container\">\n\t\t\t\t\t\t\t\t\t<table class=\"t1\" cellspacing=\"0\" cellpadding=\"0\"><tbody><tr><td class=\"td1\" valign=\"middle\"><p class=\"p2\"><b>Art der Daten<\/b><b><\/b><\/p><\/td><td class=\"td2\" valign=\"middle\"><p class=\"p2\"><b>Aufbewahrungsdauer<\/b><b><\/b><\/p><\/td><\/tr><tr><td class=\"td3\" valign=\"middle\"><p class=\"p2\">Anfragen und Kommunikation<\/p><\/td><td class=\"td4\" valign=\"middle\"><p class=\"p2\">Bis zu 12 Monate nach L\u00f6sung<\/p><\/td><\/tr><tr><td class=\"td5\" valign=\"middle\"><p class=\"p2\">Vertrags- und Rechnungsdaten<\/p><\/td><td class=\"td6\" valign=\"middle\"><p class=\"p2\">Gem\u00e4\u00df den gesetzlichen Aufbewahrungsfristen (z. B. Buchhaltung \u2013 10 Jahre)<\/p><\/td><\/tr><tr><td class=\"td7\" valign=\"middle\"><p class=\"p2\">Protokoll- und technische Daten<\/p><\/td><td class=\"td8\" valign=\"middle\"><p class=\"p2\">30\u201390 Tage<\/p><\/td><\/tr><tr><td class=\"td1\" valign=\"middle\"><p class=\"p2\">Marketingdaten<\/p><\/td><td class=\"td2\" valign=\"middle\"><p class=\"p2\">Bis zum Widerruf der Einwilligung oder f\u00fcr maximal 3 Jahre<\/p><\/td><\/tr><\/tbody><\/table><p class=\"p1\"> <\/p>\t\t\t\t\t\t\t\t<\/div>\n\t\t\t\t<\/div>\n\t\t\t\t<div class=\"elementor-element elementor-element-1996d0e elementor-widget elementor-widget-heading\" data-id=\"1996d0e\" data-element_type=\"widget\" data-e-type=\"widget\" data-widget_type=\"heading.default\">\n\t\t\t\t<div class=\"elementor-widget-container\">\n\t\t\t\t\t<h2 class=\"elementor-heading-title elementor-size-default\">5) Empf\u00e4nger und Auftragsverarbeiter\n<\/h2>\t\t\t\t<\/div>\n\t\t\t\t<\/div>\n\t\t\t\t<div class=\"elementor-element elementor-element-7f3cdeb elementor-widget elementor-widget-text-editor\" data-id=\"7f3cdeb\" data-element_type=\"widget\" data-e-type=\"widget\" data-widget_type=\"text-editor.default\">\n\t\t\t\t<div class=\"elementor-widget-container\">\n\t\t\t\t\t\t\t\t\t<p class=\"p1\">Personenbezogene Daten k\u00f6nnen weitergegeben werden an:<\/p><ul class=\"ul1\"><li class=\"li1\">IT- und Website-Hosting-Anbieter,<\/li><li class=\"li1\">externe Buchhalter oder Steuerberater,<\/li><li class=\"li1\">Analyse- und Marketingdienstleister (z. B. Google Ireland Limited),<\/li><li class=\"li1\">\u00f6ffentliche Beh\u00f6rden, wenn dies gesetzlich vorgeschrieben ist.<\/li><\/ul><p class=\"p1\">Alle Auftragsverarbeiter handeln auf der Grundlage einer schriftlichen Datenverarbeitungsvereinbarung in \u00dcbereinstimmung mit <b>Artikel 28 der DSGVO<\/b>.<\/p>\t\t\t\t\t\t\t\t<\/div>\n\t\t\t\t<\/div>\n\t\t\t\t<div class=\"elementor-element elementor-element-8161749 elementor-widget elementor-widget-heading\" data-id=\"8161749\" data-element_type=\"widget\" data-e-type=\"widget\" data-widget_type=\"heading.default\">\n\t\t\t\t<div class=\"elementor-widget-container\">\n\t\t\t\t\t<h2 class=\"elementor-heading-title elementor-size-default\">6) \u00dcbermittlungen in Drittl\u00e4nder\n<\/h2>\t\t\t\t<\/div>\n\t\t\t\t<\/div>\n\t\t\t\t<div class=\"elementor-element elementor-element-075cfa9 elementor-widget elementor-widget-text-editor\" data-id=\"075cfa9\" data-element_type=\"widget\" data-e-type=\"widget\" data-widget_type=\"text-editor.default\">\n\t\t\t\t<div class=\"elementor-widget-container\">\n\t\t\t\t\t\t\t\t\t<p class=\"p1\">Wenn Daten\u00fcbermittlungen au\u00dferhalb der EU\/des EWR erfolgen (z. B. bei der Nutzung von Google-Diensten), werden <b>angemessene Schutzma\u00dfnahmen<\/b> wie z. B. <b>EU-Standardvertragsklauseln<\/b> angewendet.<\/p>\t\t\t\t\t\t\t\t<\/div>\n\t\t\t\t<\/div>\n\t\t\t\t<div class=\"elementor-element elementor-element-b57e085 elementor-widget elementor-widget-heading\" data-id=\"b57e085\" data-element_type=\"widget\" data-e-type=\"widget\" data-widget_type=\"heading.default\">\n\t\t\t\t<div class=\"elementor-widget-container\">\n\t\t\t\t\t<h2 class=\"elementor-heading-title elementor-size-default\">7) Ihre Rechte\n<\/h2>\t\t\t\t<\/div>\n\t\t\t\t<\/div>\n\t\t\t\t<div class=\"elementor-element elementor-element-3a0448a elementor-widget elementor-widget-text-editor\" data-id=\"3a0448a\" data-element_type=\"widget\" data-e-type=\"widget\" data-widget_type=\"text-editor.default\">\n\t\t\t\t<div class=\"elementor-widget-container\">\n\t\t\t\t\t\t\t\t\t<p class=\"p1\">Als betroffene Person haben Sie das Recht:<\/p><ul class=\"ul1\"><li class=\"li1\">auf Auskunft \u00fcber Ihre personenbezogenen Daten,<\/li><li class=\"li1\">unrichtige oder veraltete Daten zu berichtigen,<\/li><li class=\"li1\">die L\u00f6schung von Daten zu verlangen (\u201eRecht auf Vergessenwerden\u201c),<\/li><li class=\"li1\">die Verarbeitung einzuschr\u00e4nken,<\/li><li class=\"li1\">auf Daten\u00fcbertragbarkeit (soweit anwendbar),<\/li><li class=\"li1\">der Verarbeitung aufgrund eines berechtigten Interesses zu widersprechen,<\/li><li class=\"li1\">Ihre Einwilligung jederzeit zu widerrufen.<\/li><\/ul><p class=\"p1\">Um Ihre Rechte auszu\u00fcben, kontaktieren Sie uns bitte unter: <a href=\"mailto:info@metrologia.sk\"><span class=\"s1\">info@metrologia.sk<\/span><\/a>.<\/p><p class=\"p1\">Sie haben auch das Recht, eine Beschwerde einzureichen bei:<br><b>Amt f\u00fcr den Schutz personenbezogener Daten der Slowakischen Republik<\/b><br>Hrani\u010dn\u00e1 12, 820 07 Bratislava 27<br>Website: <a href=\"https:\/\/dataprotection.gov.sk\/\"><span class=\"s1\">www.dataprotection.gov.sk<\/span><\/a><\/p>\t\t\t\t\t\t\t\t<\/div>\n\t\t\t\t<\/div>\n\t\t\t\t<div class=\"elementor-element elementor-element-1ab4de4 elementor-widget elementor-widget-heading\" data-id=\"1ab4de4\" data-element_type=\"widget\" data-e-type=\"widget\" data-widget_type=\"heading.default\">\n\t\t\t\t<div class=\"elementor-widget-container\">\n\t\t\t\t\t<h2 class=\"elementor-heading-title elementor-size-default\">8) Cookies und \u00e4hnliche Technologien\n<\/h2>\t\t\t\t<\/div>\n\t\t\t\t<\/div>\n\t\t\t\t<div class=\"elementor-element elementor-element-042a087 elementor-widget elementor-widget-heading\" data-id=\"042a087\" data-element_type=\"widget\" data-e-type=\"widget\" data-widget_type=\"heading.default\">\n\t\t\t\t<div class=\"elementor-widget-container\">\n\t\t\t\t\t<h3 class=\"elementor-heading-title elementor-size-default\">8.1 Was sind Cookies\n<\/h3>\t\t\t\t<\/div>\n\t\t\t\t<\/div>\n\t\t\t\t<div class=\"elementor-element elementor-element-a6bee62 elementor-widget elementor-widget-text-editor\" data-id=\"a6bee62\" data-element_type=\"widget\" data-e-type=\"widget\" data-widget_type=\"text-editor.default\">\n\t\t\t\t<div class=\"elementor-widget-container\">\n\t\t\t\t\t\t\t\t\t<p class=\"p1\">Cookies sind kleine Textdateien, die in Ihrem Browser gespeichert werden. Wir verwenden sie, um die Funktionalit\u00e4t der Website sicherzustellen, den Traffic zu messen und, mit Ihrer Zustimmung, f\u00fcr Marketingzwecke. <\/p>\t\t\t\t\t\t\t\t<\/div>\n\t\t\t\t<\/div>\n\t\t\t\t<div class=\"elementor-element elementor-element-089f335 elementor-widget elementor-widget-heading\" data-id=\"089f335\" data-element_type=\"widget\" data-e-type=\"widget\" data-widget_type=\"heading.default\">\n\t\t\t\t<div class=\"elementor-widget-container\">\n\t\t\t\t\t<h3 class=\"elementor-heading-title elementor-size-default\">8.2 Rechtsrahmen\n<\/h3>\t\t\t\t<\/div>\n\t\t\t\t<\/div>\n\t\t\t\t<div class=\"elementor-element elementor-element-f619b3d elementor-widget elementor-widget-text-editor\" data-id=\"f619b3d\" data-element_type=\"widget\" data-e-type=\"widget\" data-widget_type=\"text-editor.default\">\n\t\t\t\t<div class=\"elementor-widget-container\">\n\t\t\t\t\t\t\t\t\t<p class=\"p1\">Das Speichern oder der Zugriff auf Cookies auf dem Ger\u00e4t eines Nutzers wird durch das <b>Gesetz Nr. 452\/2021 Slg. \u00fcber elektronische Kommunikation<\/b> und die dazugeh\u00f6rigen Rechtsvorschriften geregelt.<\/p><ul class=\"ul1\"><li class=\"li1\"><b>Essenzielle Cookies<\/b> d\u00fcrfen ohne Einwilligung verwendet werden.<\/li><li class=\"li1\"><b>Analytische und Marketing-Cookies<\/b> erfordern Ihre <b>ausdr\u00fcckliche Einwilligung<\/b>.<\/li><li> <\/li><\/ul>\t\t\t\t\t\t\t\t<\/div>\n\t\t\t\t<\/div>\n\t\t\t\t<div class=\"elementor-element elementor-element-6e933b1 elementor-widget elementor-widget-heading\" data-id=\"6e933b1\" data-element_type=\"widget\" data-e-type=\"widget\" data-widget_type=\"heading.default\">\n\t\t\t\t<div class=\"elementor-widget-container\">\n\t\t\t\t\t<h3 class=\"elementor-heading-title elementor-size-default\">8.3 Arten der verwendeten Cookies\n<\/h3>\t\t\t\t<\/div>\n\t\t\t\t<\/div>\n\t\t\t\t<div class=\"elementor-element elementor-element-2de7ea0 elementor-widget elementor-widget-text-editor\" data-id=\"2de7ea0\" data-element_type=\"widget\" data-e-type=\"widget\" data-widget_type=\"text-editor.default\">\n\t\t\t\t<div class=\"elementor-widget-container\">\n\t\t\t\t\t\t\t\t\t<ul class=\"ul1\"><li class=\"li1\"><b>Notwendige (technische):<\/b> gew\u00e4hrleisten die Funktionalit\u00e4t und Sicherheit der Website.<\/li><li class=\"li1\"><b>Pr\u00e4ferenz-Cookies:<\/b> speichern Ihre Sprache oder Region.<\/li><li class=\"li1\"><b>Analytische Cookies:<\/b> helfen uns, die Website zu verbessern (z. B. anonyme Traffic-Statistiken).<\/li><li class=\"li1\"><b>Marketing-Cookies:<\/b> personalisieren Werbung und verfolgen die Leistung von Kampagnen.<\/li><\/ul><p class=\"p1\">Eine detaillierte Liste und die Cookie-Dauer finden Sie im Abschnitt <b>Cookie-Einstellungen<\/b> (verlinkt in der Fu\u00dfzeile).<\/p>\t\t\t\t\t\t\t\t<\/div>\n\t\t\t\t<\/div>\n\t\t\t\t<div class=\"elementor-element elementor-element-288a77c elementor-widget elementor-widget-heading\" data-id=\"288a77c\" data-element_type=\"widget\" data-e-type=\"widget\" data-widget_type=\"heading.default\">\n\t\t\t\t<div class=\"elementor-widget-container\">\n\t\t\t\t\t<h3 class=\"elementor-heading-title elementor-size-default\">8.4 Verwaltung und Widerruf der Einwilligung\n<\/h3>\t\t\t\t<\/div>\n\t\t\t\t<\/div>\n\t\t\t\t<div class=\"elementor-element elementor-element-7a83043 elementor-widget elementor-widget-text-editor\" data-id=\"7a83043\" data-element_type=\"widget\" data-e-type=\"widget\" data-widget_type=\"text-editor.default\">\n\t\t\t\t<div class=\"elementor-widget-container\">\n\t\t\t\t\t\t\t\t\t<p class=\"p1\">Wenn Sie unsere Website zum ersten Mal besuchen, erscheint ein <b>Cookie-Banner<\/b>, in dem Sie Cookie-Kategorien ausw\u00e4hlen k\u00f6nnen. Sie k\u00f6nnen Ihre <b>Einwilligung jederzeit \u00e4ndern oder widerrufen<\/b> \u00fcber den Link <i>Cookie-Einstellungen<\/i> in der Fu\u00dfzeile. Der Widerruf hat keinen Einfluss auf die vorherige rechtm\u00e4\u00dfige Verarbeitung.  <\/p>\t\t\t\t\t\t\t\t<\/div>\n\t\t\t\t<\/div>\n\t\t\t\t<div class=\"elementor-element elementor-element-12ab1a4 elementor-widget elementor-widget-heading\" data-id=\"12ab1a4\" data-element_type=\"widget\" data-e-type=\"widget\" data-widget_type=\"heading.default\">\n\t\t\t\t<div class=\"elementor-widget-container\">\n\t\t\t\t\t<h2 class=\"elementor-heading-title elementor-size-default\">9) Datensicherheit\n<\/h2>\t\t\t\t<\/div>\n\t\t\t\t<\/div>\n\t\t\t\t<div class=\"elementor-element elementor-element-c74555d elementor-widget elementor-widget-text-editor\" data-id=\"c74555d\" data-element_type=\"widget\" data-e-type=\"widget\" data-widget_type=\"text-editor.default\">\n\t\t\t\t<div class=\"elementor-widget-container\">\n\t\t\t\t\t\t\t\t\t<p>Wir implementieren geeignete technische und organisatorische Ma\u00dfnahmen (z. B. TLS-Verschl\u00fcsselung, Zugriffskontrolle, Systemaktualisierungen, \u00dcberwachung), um personenbezogene Daten vor Verlust, Missbrauch oder unbefugtem Zugriff zu sch\u00fctzen.<\/p>\t\t\t\t\t\t\t\t<\/div>\n\t\t\t\t<\/div>\n\t\t\t\t<div class=\"elementor-element elementor-element-b34d118 elementor-widget elementor-widget-heading\" data-id=\"b34d118\" data-element_type=\"widget\" data-e-type=\"widget\" data-widget_type=\"heading.default\">\n\t\t\t\t<div class=\"elementor-widget-container\">\n\t\t\t\t\t<h2 class=\"elementor-heading-title elementor-size-default\">10) Automatisierte Entscheidungsfindung\n<\/h2>\t\t\t\t<\/div>\n\t\t\t\t<\/div>\n\t\t\t\t<div class=\"elementor-element elementor-element-83a173f elementor-widget elementor-widget-text-editor\" data-id=\"83a173f\" data-element_type=\"widget\" data-e-type=\"widget\" data-widget_type=\"text-editor.default\">\n\t\t\t\t<div class=\"elementor-widget-container\">\n\t\t\t\t\t\t\t\t\t<p>Wir f\u00fchren keine automatisierte Entscheidungsfindung oder Profilerstellung durch, die rechtliche oder erhebliche Auswirkungen auf Sie h\u00e4tte.<\/p>\t\t\t\t\t\t\t\t<\/div>\n\t\t\t\t<\/div>\n\t\t\t\t<div class=\"elementor-element elementor-element-1c3daa5 elementor-widget elementor-widget-heading\" data-id=\"1c3daa5\" data-element_type=\"widget\" data-e-type=\"widget\" data-widget_type=\"heading.default\">\n\t\t\t\t<div class=\"elementor-widget-container\">\n\t\t\t\t\t<h2 class=\"elementor-heading-title elementor-size-default\">11) \u00c4nderungen an dieser Richtlinie\n<\/h2>\t\t\t\t<\/div>\n\t\t\t\t<\/div>\n\t\t\t\t<div class=\"elementor-element elementor-element-9868b9b elementor-widget elementor-widget-text-editor\" data-id=\"9868b9b\" data-element_type=\"widget\" data-e-type=\"widget\" data-widget_type=\"text-editor.default\">\n\t\t\t\t<div class=\"elementor-widget-container\">\n\t\t\t\t\t\t\t\t\t<p>Wir k\u00f6nnen diese Datenschutzrichtlinie von Zeit zu Zeit aktualisieren. Die aktuelle Version wird immer auf dieser Seite ver\u00f6ffentlicht. Wir werden Sie auf geeignete Weise \u00fcber wesentliche \u00c4nderungen informieren.  <\/p>\t\t\t\t\t\t\t\t<\/div>\n\t\t\t\t<\/div>\n\t\t\t\t<div class=\"elementor-element elementor-element-248de12 elementor-widget elementor-widget-heading\" data-id=\"248de12\" data-element_type=\"widget\" data-e-type=\"widget\" data-widget_type=\"heading.default\">\n\t\t\t\t<div class=\"elementor-widget-container\">\n\t\t\t\t\t<h2 class=\"elementor-heading-title elementor-size-default\">12) Kontaktinformationen\n<\/h2>\t\t\t\t<\/div>\n\t\t\t\t<\/div>\n\t\t\t\t<div class=\"elementor-element elementor-element-40c8841 elementor-widget elementor-widget-text-editor\" data-id=\"40c8841\" data-element_type=\"widget\" data-e-type=\"widget\" data-widget_type=\"text-editor.default\">\n\t\t\t\t<div class=\"elementor-widget-container\">\n\t\t\t\t\t\t\t\t\t<p class=\"p1\">Wenn Sie Fragen zum Schutz personenbezogener Daten haben, kontaktieren Sie uns bitte:<\/p><p class=\"p2\"><b>CHIRANALAB, s.r.o.<\/b><\/p><p class=\"p1\">N\u00e1m. Dr. A. Schweitzera 194, 916 01 Star\u00e1 Tur\u00e1<br>E-Mail: <a href=\"mailto:info@metrologia.sk\"><span class=\"s1\">info@metrologia.sk<\/span><\/a><br>Telefon: +421 696 850 405 <\/p>\t\t\t\t\t\t\t\t<\/div>\n\t\t\t\t<\/div>\n\t\t\t\t\t<\/div>\n\t\t\t\t<\/div>\n\t\t\t\t<\/div>\n\t\t","protected":false},"excerpt":{"rendered":"<p>Datenschutzbestimmungen Letzte Aktualisierung: November 2025 1) Wer wir sind (Datenverantwortlicher) Der Datenverantwortliche der Website https:\/\/metrologia.sk\/ ist: CHIRANALAB, s.r.o.N\u00e1m. Dr. A. Schweitzera 194, 916 01 Star\u00e1 Tur\u00e1Firmen-ID: 36 331 864Telefon: +421 696 850 405E-Mail: info@metrologia.sk CHIRANALAB, s.r.o. verarbeitet personenbezogene Daten in \u00dcbereinstimmung mit der Verordnung (EU) 2016\/679 (DSGVO) und dem slowakischen Gesetz Nr. 18\/2018 Slg. \u00fcber&#8230;<\/p>\n","protected":false},"author":1,"featured_media":989793,"parent":0,"menu_order":0,"comment_status":"closed","ping_status":"closed","template":"","meta":{"_seowing_meta_title":"Datenschutzbestimmungen | CHIRANALAB","_seowing_meta_description":"Datenschutzbestimmungen der CHIRANALAB, s.r.o. gem\u00e4\u00df DSGVO. Informationen zur Verarbeitung personenbezogener Daten auf metrologia.sk.","_seowing_focus_keyword":"datenschutz datenschutzbestimmungen DSGVO","_seowing_canonical_url":"","_seowing_robots":"","_seowing_robots_noindex":false,"_seowing_robots_nofollow":false,"_seowing_seo_score":70,"_expert_id":0,"footnotes":""},"class_list":["post-989864","page","type-page","status-publish","has-post-thumbnail","hentry"],"_hostinger_reach_plugin_has_subscription_block":false,"_hostinger_reach_plugin_is_elementor":false,"_links":{"self":[{"href":"https:\/\/metrologia.sk\/de\/wp-json\/wp\/v2\/pages\/989864","targetHints":{"allow":["GET"]}}],"collection":[{"href":"https:\/\/metrologia.sk\/de\/wp-json\/wp\/v2\/pages"}],"about":[{"href":"https:\/\/metrologia.sk\/de\/wp-json\/wp\/v2\/types\/page"}],"author":[{"embeddable":true,"href":"https:\/\/metrologia.sk\/de\/wp-json\/wp\/v2\/users\/1"}],"replies":[{"embeddable":true,"href":"https:\/\/metrologia.sk\/de\/wp-json\/wp\/v2\/comments?post=989864"}],"version-history":[{"count":1,"href":"https:\/\/metrologia.sk\/de\/wp-json\/wp\/v2\/pages\/989864\/revisions"}],"predecessor-version":[{"id":989865,"href":"https:\/\/metrologia.sk\/de\/wp-json\/wp\/v2\/pages\/989864\/revisions\/989865"}],"wp:featuredmedia":[{"embeddable":true,"href":"https:\/\/metrologia.sk\/de\/wp-json\/wp\/v2\/media\/989793"}],"wp:attachment":[{"href":"https:\/\/metrologia.sk\/de\/wp-json\/wp\/v2\/media?parent=989864"}],"curies":[{"name":"wp","href":"https:\/\/api.w.org\/{rel}","templated":true}]}}