{"id":989845,"date":"2025-02-13T14:20:20","date_gmt":"2025-02-13T14:20:20","guid":{"rendered":"https:\/\/metrologia.sk\/karriere\/"},"modified":"2026-02-13T14:10:42","modified_gmt":"2026-02-13T14:10:42","slug":"karriere","status":"publish","type":"page","link":"https:\/\/metrologia.sk\/de\/ueber-uns\/karriere\/","title":{"rendered":"Karriere"},"content":{"rendered":"\t\t<div data-elementor-type=\"wp-page\" data-elementor-id=\"989845\" class=\"elementor elementor-989845 elementor-35\" data-elementor-post-type=\"page\">\n\t\t\t\t<div class=\"elementor-element elementor-element-66f68b4 e-flex e-con-boxed e-con e-parent\" data-id=\"66f68b4\" data-element_type=\"container\" data-e-type=\"container\">\n\t\t\t\t\t<div class=\"e-con-inner\">\n\t\t\t\t<div class=\"elementor-element elementor-element-bdda6d0 elementor-invisible elementor-widget__width-auto animated-fast elementor-widget elementor-widget-heading\" data-id=\"bdda6d0\" data-element_type=\"widget\" data-e-type=\"widget\" data-settings=\"{&quot;_animation&quot;:&quot;fadeIn&quot;,&quot;_animation_delay&quot;:50}\" data-widget_type=\"heading.default\">\n\t\t\t\t<div class=\"elementor-widget-container\">\n\t\t\t\t\t<div class=\"elementor-heading-title elementor-size-default\">Arbeiten bei CHIRANALAB<\/div>\t\t\t\t<\/div>\n\t\t\t\t<\/div>\n\t\t<div class=\"elementor-element elementor-element-9b7fd68 e-con-full e-flex e-con e-child\" data-id=\"9b7fd68\" data-element_type=\"container\" data-e-type=\"container\">\n\t\t<div class=\"elementor-element elementor-element-25b18c0 e-con-full e-flex e-con e-child\" data-id=\"25b18c0\" data-element_type=\"container\" data-e-type=\"container\">\n\t\t\t\t<div class=\"elementor-element elementor-element-5187f7d elementor-invisible animated-fast elementor-widget elementor-widget-heading\" data-id=\"5187f7d\" data-element_type=\"widget\" data-e-type=\"widget\" data-settings=\"{&quot;_animation&quot;:&quot;fadeIn&quot;}\" data-widget_type=\"heading.default\">\n\t\t\t\t<div class=\"elementor-widget-container\">\n\t\t\t\t\t<h1 class=\"elementor-heading-title elementor-size-default\">Karriere<\/h1>\t\t\t\t<\/div>\n\t\t\t\t<\/div>\n\t\t\t\t<\/div>\n\t\t<div class=\"elementor-element elementor-element-7bd39c1 e-con-full e-flex e-con e-child\" data-id=\"7bd39c1\" data-element_type=\"container\" data-e-type=\"container\">\n\t\t\t\t<div class=\"elementor-element elementor-element-dc381fe elementor-invisible animated-fast elementor-widget elementor-widget-text-editor\" data-id=\"dc381fe\" data-element_type=\"widget\" data-e-type=\"widget\" data-settings=\"{&quot;_animation&quot;:&quot;fadeIn&quot;}\" data-widget_type=\"text-editor.default\">\n\t\t\t\t<div class=\"elementor-widget-container\">\n\t\t\t\t\t\t\t\t\t<p data-start=\"119\" data-end=\"459\">Als ein nach ISO\/IEC 17025:2017 <a href=\"https:\/\/metrologia.sk\/de\/akkreditierung\/\">akkreditiertes<\/a> Metrologielabor sind wir auf die <a href=\"https:\/\/metrologia.sk\/de\/dienstleistungen\/\">Kalibrierung von hochgenauen Messinstrumenten<\/a> und auf <a href=\"https:\/\/metrologia.sk\/de\/dienstleistungen\/pruefdienstleistungen\/\">Pr\u00fcfungen<\/a> spezialisiert.<br data-start=\"147\" data-end=\"150\">Wir basieren auf technischer Kompetenz, Unparteilichkeit, Vertraulichkeit, Kundenorientierung und Verantwortung sowie kontinuierlicher Verbesserung.<\/p><p data-start=\"461\" data-end=\"757\">Wir bieten Bewerbern ein dynamisches, technisch orientiertes Umfeld mit M\u00f6glichkeiten zur pers\u00f6nlichen und beruflichen Weiterentwicklung. Wir sind st\u00e4ndig auf der Suche nach motivierten Fachkr\u00e4ften, die sich f\u00fcr Genauigkeit begeistern und bereit sind, ihre Karriere in der Messtechnik voranzutreiben. <\/p>\t\t\t\t\t\t\t\t<\/div>\n\t\t\t\t<\/div>\n\t\t\t\t<\/div>\n\t\t\t\t<\/div>\n\t\t\t\t\t<\/div>\n\t\t\t\t<\/div>\n\t\t<div class=\"elementor-element elementor-element-be8af8a e-flex e-con-boxed e-con e-child\" data-id=\"be8af8a\" data-element_type=\"container\" data-e-type=\"container\">\n\t\t\t\t\t<div class=\"e-con-inner\">\n\t\t<div class=\"elementor-element elementor-element-3884cee e-con-full e-flex e-con e-child\" data-id=\"3884cee\" data-element_type=\"container\" data-e-type=\"container\" data-settings=\"{&quot;background_background&quot;:&quot;classic&quot;}\">\n\t\t\t\t<\/div>\n\t\t<div class=\"elementor-element elementor-element-c1ed908 e-con-full e-flex e-con e-child\" data-id=\"c1ed908\" data-element_type=\"container\" data-e-type=\"container\" data-settings=\"{&quot;background_background&quot;:&quot;classic&quot;}\">\n\t\t<div class=\"elementor-element elementor-element-ecc04a2 e-con-full e-flex e-con e-child\" data-id=\"ecc04a2\" data-element_type=\"container\" data-e-type=\"container\">\n\t\t<div class=\"elementor-element elementor-element-264a4a1 e-con-full e-flex e-con e-child\" data-id=\"264a4a1\" data-element_type=\"container\" data-e-type=\"container\">\n\t\t<div class=\"elementor-element elementor-element-9ccf1ea e-con-full e-flex e-con e-child\" data-id=\"9ccf1ea\" data-element_type=\"container\" data-e-type=\"container\">\n\t\t\t\t<div class=\"elementor-element elementor-element-a0f3203 elementor-widget__width-auto elementor-widget elementor-widget-heading\" data-id=\"a0f3203\" data-element_type=\"widget\" data-e-type=\"widget\" data-widget_type=\"heading.default\">\n\t\t\t\t<div class=\"elementor-widget-container\">\n\t\t\t\t\t<div class=\"elementor-heading-title elementor-size-default\">Stellenangebote<\/div>\t\t\t\t<\/div>\n\t\t\t\t<\/div>\n\t\t\t\t<\/div>\n\t\t\t\t<\/div>\n\t\t\t\t<div class=\"elementor-element elementor-element-881d2ab elementor-invisible animated-fast elementor-widget elementor-widget-heading\" data-id=\"881d2ab\" data-element_type=\"widget\" data-e-type=\"widget\" data-settings=\"{&quot;_animation&quot;:&quot;slideInUp&quot;,&quot;_animation_delay&quot;:50}\" data-widget_type=\"heading.default\">\n\t\t\t\t<div class=\"elementor-widget-container\">\n\t\t\t\t\t<h2 class=\"elementor-heading-title elementor-size-default\">Positionen<\/h2>\t\t\t\t<\/div>\n\t\t\t\t<\/div>\n\t\t\t\t<\/div>\n\t\t\t\t<div class=\"elementor-element elementor-element-962a26e elementor-widget elementor-widget-spacer\" data-id=\"962a26e\" data-element_type=\"widget\" data-e-type=\"widget\" data-widget_type=\"spacer.default\">\n\t\t\t\t<div class=\"elementor-widget-container\">\n\t\t\t\t\t\t\t<div class=\"elementor-spacer\">\n\t\t\t<div class=\"elementor-spacer-inner\"><\/div>\n\t\t<\/div>\n\t\t\t\t\t\t<\/div>\n\t\t\t\t<\/div>\n\t\t<div class=\"elementor-element elementor-element-67f05cf e-con-full e-flex e-con e-child\" data-id=\"67f05cf\" data-element_type=\"container\" data-e-type=\"container\">\n\t\t\t\t<div class=\"elementor-element elementor-element-aae8e8b elementor-widget elementor-widget-text-editor\" data-id=\"aae8e8b\" data-element_type=\"widget\" data-e-type=\"widget\" data-widget_type=\"text-editor.default\">\n\t\t\t\t<div class=\"elementor-widget-container\">\n\t\t\t\t\t\t\t\t\t<p><strong>Im Moment stellen wir nicht ein.<\/strong><br>Wenn Sie Interesse haben, unserem Team beizutreten, senden Sie uns bitte Ihren Lebenslauf.<\/p>\t\t\t\t\t\t\t\t<\/div>\n\t\t\t\t<\/div>\n\t\t\t\t<div class=\"vamtam-has-theme-widget-styles elementor-element elementor-element-b074c2f elementor-invisible animated-fast elementor-widget elementor-widget-button\" data-id=\"b074c2f\" data-element_type=\"widget\" data-e-type=\"widget\" data-settings=\"{&quot;_animation&quot;:&quot;fadeIn&quot;,&quot;_animation_delay&quot;:150}\" data-widget_type=\"button.default\">\n\t\t\t\t<div class=\"elementor-widget-container\">\n\t\t\t\t\t\t\t\t\t<div class=\"elementor-button-wrapper\">\n\t\t\t\t\t<a class=\"elementor-button elementor-button-link elementor-size-sm\" href=\"mailto:info@metrologia.sk\">\n\t\t\t\t\t\t<span class=\"elementor-button-content-wrapper\">\n\t\t\t\t\t\t\t\t\t<span class=\"elementor-button-text\">Lebenslauf senden<\/span>\n\t\t\t\t\t<\/span>\n\t\t\t\t\t<\/a>\n\t\t\t\t<\/div>\n\t\t\t\t\t\t\t\t<\/div>\n\t\t\t\t<\/div>\n\t\t\t\t<\/div>\n\t\t\t\t<\/div>\n\t\t\t\t\t<\/div>\n\t\t\t\t<\/div>\n\t\t<div class=\"elementor-element elementor-element-676f22b e-con-boxed e-flex e-con e-parent\" data-id=\"676f22b\" data-element_type=\"container\" data-e-type=\"container\">\n\t\t\t\t\t<div class=\"e-con-inner\">\n\t\t\t\t<div class=\"elementor-element elementor-element-f625b86 elementor-widget elementor-widget-text-editor\" data-id=\"f625b86\" data-element_type=\"widget\" data-e-type=\"widget\" data-widget_type=\"text-editor.default\">\n\t\t\t\t<div class=\"elementor-widget-container\">\n\t\t\t\t\t\t\t\t\t<div style=\"margin-top:20px; padding:30px 0 10px 0;\"><p>Erfahren Sie mehr <a href=\"https:\/\/metrologia.sk\/de\/ueber-uns\/\">\u00fcber unser Unternehmen<\/a> und die <a href=\"https:\/\/metrologia.sk\/de\/dienstleistungen\/\">Dienstleistungen, die wir anbieten<\/a>. Bei Fragen <a href=\"https:\/\/metrologia.sk\/de\/kontaktieren-sie-uns\/\">kontaktieren Sie uns<\/a>.<\/p><\/div>\t\t\t\t\t\t\t\t<\/div>\n\t\t\t\t<\/div>\n\t\t\t\t\t<\/div>\n\t\t\t\t<\/div>\n\t\t\t\t<\/div>\n\t\t","protected":false},"excerpt":{"rendered":"<p>Arbeiten bei CHIRANALAB Karriere Als ein nach ISO\/IEC 17025:2017 akkreditiertes Metrologielabor sind wir auf die Kalibrierung von hochgenauen Messinstrumenten und auf Pr\u00fcfungen spezialisiert.Wir basieren auf technischer Kompetenz, Unparteilichkeit, Vertraulichkeit, Kundenorientierung und Verantwortung sowie kontinuierlicher Verbesserung. Wir bieten Bewerbern ein dynamisches, technisch orientiertes Umfeld mit M\u00f6glichkeiten zur pers\u00f6nlichen und beruflichen Weiterentwicklung. Wir sind st\u00e4ndig auf der&#8230;<\/p>\n","protected":false},"author":1,"featured_media":989849,"parent":989818,"menu_order":0,"comment_status":"closed","ping_status":"closed","template":"","meta":{"_seowing_meta_title":"Karriere \u2013 Stellenangebote | ChiranaLAB","_seowing_meta_description":"Suchen Sie eine Karriere in der Metrologie? CHIRANALAB bietet Karrierem\u00f6glichkeiten in einem akkreditierten Kalibrier- und Pr\u00fcflabor.","_seowing_focus_keyword":"Karriere CHIRANALAB, Metrologie Stellenangebote, Kalibrierlabor Karriere, Labortechniker Stellen","_seowing_canonical_url":"","_seowing_robots":"","_seowing_robots_noindex":false,"_seowing_robots_nofollow":false,"_seowing_seo_score":55,"_expert_id":0,"footnotes":""},"class_list":["post-989845","page","type-page","status-publish","has-post-thumbnail","hentry"],"_hostinger_reach_plugin_has_subscription_block":false,"_hostinger_reach_plugin_is_elementor":false,"_links":{"self":[{"href":"https:\/\/metrologia.sk\/de\/wp-json\/wp\/v2\/pages\/989845","targetHints":{"allow":["GET"]}}],"collection":[{"href":"https:\/\/metrologia.sk\/de\/wp-json\/wp\/v2\/pages"}],"about":[{"href":"https:\/\/metrologia.sk\/de\/wp-json\/wp\/v2\/types\/page"}],"author":[{"embeddable":true,"href":"https:\/\/metrologia.sk\/de\/wp-json\/wp\/v2\/users\/1"}],"replies":[{"embeddable":true,"href":"https:\/\/metrologia.sk\/de\/wp-json\/wp\/v2\/comments?post=989845"}],"version-history":[{"count":3,"href":"https:\/\/metrologia.sk\/de\/wp-json\/wp\/v2\/pages\/989845\/revisions"}],"predecessor-version":[{"id":990316,"href":"https:\/\/metrologia.sk\/de\/wp-json\/wp\/v2\/pages\/989845\/revisions\/990316"}],"up":[{"embeddable":true,"href":"https:\/\/metrologia.sk\/de\/wp-json\/wp\/v2\/pages\/989818"}],"wp:featuredmedia":[{"embeddable":true,"href":"https:\/\/metrologia.sk\/de\/wp-json\/wp\/v2\/media\/989849"}],"wp:attachment":[{"href":"https:\/\/metrologia.sk\/de\/wp-json\/wp\/v2\/media?parent=989845"}],"curies":[{"name":"wp","href":"https:\/\/api.w.org\/{rel}","templated":true}]}}