{"id":989830,"date":"2025-02-13T14:23:39","date_gmt":"2025-02-13T14:23:39","guid":{"rendered":"https:\/\/metrologia.sk\/kontaktieren-sie-uns\/"},"modified":"2026-02-13T13:38:04","modified_gmt":"2026-02-13T13:38:04","slug":"kontaktieren-sie-uns","status":"publish","type":"page","link":"https:\/\/metrologia.sk\/de\/kontaktieren-sie-uns\/","title":{"rendered":"Kontaktieren Sie uns"},"content":{"rendered":"\t\t<div data-elementor-type=\"wp-page\" data-elementor-id=\"989830\" class=\"elementor elementor-989830 elementor-49\" data-elementor-post-type=\"page\">\n\t\t\t\t<div class=\"elementor-element elementor-element-e9fd8b3 e-flex e-con-boxed e-con e-parent\" data-id=\"e9fd8b3\" data-element_type=\"container\" data-e-type=\"container\">\n\t\t\t\t\t<div class=\"e-con-inner\">\n\t\t\t\t<div class=\"elementor-element elementor-element-dd5f6a0 elementor-invisible elementor-widget__width-auto animated-fast elementor-widget elementor-widget-heading\" data-id=\"dd5f6a0\" data-element_type=\"widget\" data-e-type=\"widget\" data-settings=\"{&quot;_animation&quot;:&quot;fadeIn&quot;,&quot;_animation_delay&quot;:50}\" data-widget_type=\"heading.default\">\n\t\t\t\t<div class=\"elementor-widget-container\">\n\t\t\t\t\t<div class=\"elementor-heading-title elementor-size-default\">Lassen Sie uns in Kontakt treten<\/div>\t\t\t\t<\/div>\n\t\t\t\t<\/div>\n\t\t<div class=\"elementor-element elementor-element-ead743b e-con-full e-flex e-con e-child\" data-id=\"ead743b\" data-element_type=\"container\" data-e-type=\"container\">\n\t\t<div class=\"elementor-element elementor-element-bdd8cb1 e-con-full e-flex e-con e-child\" data-id=\"bdd8cb1\" data-element_type=\"container\" data-e-type=\"container\">\n\t\t\t\t<div class=\"elementor-element elementor-element-eeb17b9 elementor-invisible elementor-widget__width-initial animated-fast elementor-widget elementor-widget-heading\" data-id=\"eeb17b9\" data-element_type=\"widget\" data-e-type=\"widget\" data-settings=\"{&quot;_animation&quot;:&quot;fadeIn&quot;}\" data-widget_type=\"heading.default\">\n\t\t\t\t<div class=\"elementor-widget-container\">\n\t\t\t\t\t<h1 class=\"elementor-heading-title elementor-size-default\">Kontaktieren Sie uns<\/h1>\t\t\t\t<\/div>\n\t\t\t\t<\/div>\n\t\t\t\t<div class=\"elementor-element elementor-element-74091ec elementor-invisible animated-fast elementor-widget elementor-widget-text-editor\" data-id=\"74091ec\" data-element_type=\"widget\" data-e-type=\"widget\" data-settings=\"{&quot;_animation&quot;:&quot;fadeIn&quot;}\" data-widget_type=\"text-editor.default\">\n\t\t\t\t<div class=\"elementor-widget-container\">\n\t\t\t\t\t\t\t\t\t<p>Erfahren Sie mehr \u00fcber unsere akkreditierten Dienstleistungen und Kooperationsm\u00f6glichkeiten.<\/p>\t\t\t\t\t\t\t\t<\/div>\n\t\t\t\t<\/div>\n\t\t\t\t<div class=\"elementor-element elementor-element-1a3323f elementor-invisible animated-fast elementor-widget elementor-widget-text-editor\" data-id=\"1a3323f\" data-element_type=\"widget\" data-e-type=\"widget\" data-settings=\"{&quot;_animation&quot;:&quot;fadeIn&quot;}\" data-widget_type=\"text-editor.default\">\n\t\t\t\t<div class=\"elementor-widget-container\">\n\t\t\t\t\t\t\t\t\t<p><a href=\"https:\/\/maps.app.goo.gl\/1oKYhHq7DYNPQGG37\" target=\"_blank\" rel=\"noopener\"><span dir=\"auto\">CHIRANALAB, s.r.o.<br>Kalibrier- und Pr\u00fcflabor<br>N\u00e1m. Dr. A. Schweitzera 194<br>916 01 Star\u00e1 Tur\u00e1, Slowakei <\/span><\/a><\/p>\t\t\t\t\t\t\t\t<\/div>\n\t\t\t\t<\/div>\n\t\t\t\t<div class=\"vamtam-has-theme-widget-styles elementor-element elementor-element-fa0029f elementor-icon-list--layout-traditional elementor-list-item-link-full_width vamtam-icon-bg-no vamtam-icon-bg-no elementor-widget elementor-widget-icon-list\" data-id=\"fa0029f\" data-element_type=\"widget\" data-e-type=\"widget\" data-widget_type=\"icon-list.default\">\n\t\t\t\t<div class=\"elementor-widget-container\">\n\t\t\t\t\t\t\t<ul class=\"elementor-icon-list-items\">\n\t\t\t\t\t\t\t<li class=\"elementor-icon-list-item\">\n\t\t\t\t\t\t\t\t\t\t\t<a href=\"tel:+421%20696%20850%20405\">\n\n\t\t\t\t\t\t\t\t\t\t\t\t<span class=\"elementor-icon-list-icon\">\n\t\t\t\t\t\t\t<i aria-hidden=\"true\" class=\"fas fa-phone-alt\"><\/i>\t\t\t\t\t\t<\/span>\n\t\t\t\t\t\t\t\t\t\t<span class=\"elementor-icon-list-text\">+421 696 850 405<\/span>\n\t\t\t\t\t\t\t\t\t\t\t<\/a>\n\t\t\t\t\t\t\t\t\t<\/li>\n\t\t\t\t\t\t\t\t<li class=\"elementor-icon-list-item\">\n\t\t\t\t\t\t\t\t\t\t\t<a href=\"tel:+421918714112\">\n\n\t\t\t\t\t\t\t\t\t\t\t\t<span class=\"elementor-icon-list-icon\">\n\t\t\t\t\t\t\t<i aria-hidden=\"true\" class=\"fas fa-phone-alt\"><\/i>\t\t\t\t\t\t<\/span>\n\t\t\t\t\t\t\t\t\t\t<span class=\"elementor-icon-list-text\">+421 918 714 112<\/span>\n\t\t\t\t\t\t\t\t\t\t\t<\/a>\n\t\t\t\t\t\t\t\t\t<\/li>\n\t\t\t\t\t\t\t\t<li class=\"elementor-icon-list-item\">\n\t\t\t\t\t\t\t\t\t\t\t<a href=\"mailto:info@metrologia.sk\">\n\n\t\t\t\t\t\t\t\t\t\t\t\t<span class=\"elementor-icon-list-icon\">\n\t\t\t\t\t\t\t<i aria-hidden=\"true\" class=\"fas fa-envelope-open\"><\/i>\t\t\t\t\t\t<\/span>\n\t\t\t\t\t\t\t\t\t\t<span class=\"elementor-icon-list-text\">  info@metrologia.sk<\/span>\n\t\t\t\t\t\t\t\t\t\t\t<\/a>\n\t\t\t\t\t\t\t\t\t<\/li>\n\t\t\t\t\t\t<\/ul>\n\t\t\t\t\t\t<\/div>\n\t\t\t\t<\/div>\n\t\t\t\t<div class=\"elementor-element elementor-element-7c5f9f7 elementor-invisible animated-fast elementor-widget elementor-widget-text-editor\" data-id=\"7c5f9f7\" data-element_type=\"widget\" data-e-type=\"widget\" data-settings=\"{&quot;_animation&quot;:&quot;fadeIn&quot;}\" data-widget_type=\"text-editor.default\">\n\t\t\t\t<div class=\"elementor-widget-container\">\n\t\t\t\t\t\t\t\t\t<p>Unternehmens-ID (I\u010cO): 36 331 864<br>USt-IdNr. (I\u010c DPH): SK2021766109<br>Steuernummer (DI\u010c): 2021766109<\/p><p>IBAN: SK19 0900 0000 0052 3156 3129<\/p>\t\t\t\t\t\t\t\t<\/div>\n\t\t\t\t<\/div>\n\t\t\t\t<\/div>\n\t\t<div class=\"elementor-element elementor-element-fadf875 e-con-full e-flex e-con e-child\" data-id=\"fadf875\" data-element_type=\"container\" data-e-type=\"container\" data-settings=\"{&quot;background_background&quot;:&quot;classic&quot;}\">\n\t\t\t\t<div class=\"elementor-element elementor-element-daf1716 elementor-widget elementor-widget-image\" data-id=\"daf1716\" data-element_type=\"widget\" data-e-type=\"widget\" data-widget_type=\"image.default\">\n\t\t\t\t<div class=\"elementor-widget-container\">\n\t\t\t\t\t\t\t\t\t\t\t\t\t\t\t<img fetchpriority=\"high\" decoding=\"async\" width=\"1104\" height=\"754\" src=\"https:\/\/metrologia.sk\/wp-content\/uploads\/2025\/12\/How-to-get-to-1.jpeg\" class=\"attachment-full size-full wp-image-990082\" alt=\"How to get to 1\" srcset=\"https:\/\/metrologia.sk\/wp-content\/uploads\/2025\/12\/How-to-get-to-1.jpeg 1104w, https:\/\/metrologia.sk\/wp-content\/uploads\/2025\/12\/How-to-get-to-1-300x205.jpeg 300w, https:\/\/metrologia.sk\/wp-content\/uploads\/2025\/12\/How-to-get-to-1-1024x699.jpeg 1024w, https:\/\/metrologia.sk\/wp-content\/uploads\/2025\/12\/How-to-get-to-1-768x525.jpeg 768w\" sizes=\"(max-width: 1104px) 100vw, 1104px\" \/>\t\t\t\t\t\t\t\t\t\t\t\t\t\t\t<\/div>\n\t\t\t\t<\/div>\n\t\t\t\t<\/div>\n\t\t\t\t<\/div>\n\t\t\t\t\t<\/div>\n\t\t\t\t<\/div>\n\t\t<div class=\"elementor-element elementor-element-3281d02 e-flex e-con-boxed e-con e-parent\" data-id=\"3281d02\" data-element_type=\"container\" data-e-type=\"container\">\n\t\t\t\t\t<div class=\"e-con-inner\">\n\t\t<div class=\"elementor-element elementor-element-ea830d9 e-flex e-con-boxed e-con e-child\" data-id=\"ea830d9\" data-element_type=\"container\" data-e-type=\"container\">\n\t\t\t\t\t<div class=\"e-con-inner\">\n\t\t\t\t<div class=\"elementor-element elementor-element-821dad6 elementor-widget elementor-widget-google_maps\" data-id=\"821dad6\" data-element_type=\"widget\" data-e-type=\"widget\" data-widget_type=\"google_maps.default\">\n\t\t\t\t<div class=\"elementor-widget-container\">\n\t\t\t\t\t\t\t<div class=\"elementor-custom-embed\">\n\t\t\t<iframe loading=\"lazy\"\n\t\t\t\t\tsrc=\"https:\/\/maps.google.com\/maps?q=CHIRANALAB%20s.r.o.&#038;t=m&#038;z=10&#038;output=embed&#038;iwloc=near\"\n\t\t\t\t\ttitle=\"CHIRANALAB s.r.o.\"\n\t\t\t\t\taria-label=\"CHIRANALAB s.r.o.\"\n\t\t\t><\/iframe>\n\t\t<\/div>\n\t\t\t\t\t\t<\/div>\n\t\t\t\t<\/div>\n\t\t\t\t\t<\/div>\n\t\t\t\t<\/div>\n\t\t\t\t\t<\/div>\n\t\t\t\t<\/div>\n\t\t<div class=\"elementor-element elementor-element-6aab9d3 e-con-boxed e-flex e-con e-parent\" data-id=\"6aab9d3\" data-element_type=\"container\" data-e-type=\"container\">\n\t\t\t\t\t<div class=\"e-con-inner\">\n\t\t\t\t<div class=\"elementor-element elementor-element-52ae1dc elementor-widget elementor-widget-text-editor\" data-id=\"52ae1dc\" data-element_type=\"widget\" data-e-type=\"widget\" data-widget_type=\"text-editor.default\">\n\t\t\t\t<div class=\"elementor-widget-container\">\n\t\t\t\t\t\t\t\t\t<div style=\"margin-top:20px; padding:30px 0 10px 0;\"><p>Bevor Sie uns kontaktieren, k\u00f6nnen Sie unsere <a href=\"https:\/\/metrologia.sk\/de\/dienstleistungen\/\">Dienstleistungen<\/a>, <a href=\"https:\/\/metrologia.sk\/de\/akkreditierung\/\">Akkreditierungszertifikate<\/a> oder mehr <a href=\"https:\/\/metrologia.sk\/de\/ueber-uns\/\">\u00fcber uns<\/a> erfahren.<\/p><\/div>\t\t\t\t\t\t\t\t<\/div>\n\t\t\t\t<\/div>\n\t\t\t\t\t<\/div>\n\t\t\t\t<\/div>\n\t\t\t\t<\/div>\n\t\t","protected":false},"excerpt":{"rendered":"<p>Wir freuen uns darauf, mehr \u00fcber Ihre finanziellen Ziele zu erfahren.<\/p>\n","protected":false},"author":1,"featured_media":989801,"parent":0,"menu_order":0,"comment_status":"closed","ping_status":"closed","template":"","meta":{"_seowing_meta_title":"Kontakt | ChiranaLAB \u2013 Kalibrierung anfragen","_seowing_meta_description":"Kontaktieren Sie CHIRANALAB f\u00fcr akkreditierte Messger\u00e4tekalibrierung. Fordern Sie ein Angebot an oder besuchen Sie unser Labor in Star\u00e1 Tur\u00e1, Slowakei.","_seowing_focus_keyword":"Kontakt CHIRANALAB, Kalibrierlabor Kontakt, Star\u00e1 Tur\u00e1 Labor, Kalibrierung Angebot, Kalibrierung bestellen","_seowing_canonical_url":"","_seowing_robots":"","_seowing_robots_noindex":false,"_seowing_robots_nofollow":false,"_seowing_seo_score":50,"_expert_id":0,"footnotes":""},"class_list":["post-989830","page","type-page","status-publish","has-post-thumbnail","hentry"],"_hostinger_reach_plugin_has_subscription_block":false,"_hostinger_reach_plugin_is_elementor":false,"_links":{"self":[{"href":"https:\/\/metrologia.sk\/de\/wp-json\/wp\/v2\/pages\/989830","targetHints":{"allow":["GET"]}}],"collection":[{"href":"https:\/\/metrologia.sk\/de\/wp-json\/wp\/v2\/pages"}],"about":[{"href":"https:\/\/metrologia.sk\/de\/wp-json\/wp\/v2\/types\/page"}],"author":[{"embeddable":true,"href":"https:\/\/metrologia.sk\/de\/wp-json\/wp\/v2\/users\/1"}],"replies":[{"embeddable":true,"href":"https:\/\/metrologia.sk\/de\/wp-json\/wp\/v2\/comments?post=989830"}],"version-history":[{"count":5,"href":"https:\/\/metrologia.sk\/de\/wp-json\/wp\/v2\/pages\/989830\/revisions"}],"predecessor-version":[{"id":990277,"href":"https:\/\/metrologia.sk\/de\/wp-json\/wp\/v2\/pages\/989830\/revisions\/990277"}],"wp:featuredmedia":[{"embeddable":true,"href":"https:\/\/metrologia.sk\/de\/wp-json\/wp\/v2\/media\/989801"}],"wp:attachment":[{"href":"https:\/\/metrologia.sk\/de\/wp-json\/wp\/v2\/media?parent=989830"}],"curies":[{"name":"wp","href":"https:\/\/api.w.org\/{rel}","templated":true}]}}